{"id":621,"date":"2024-11-13T19:36:00","date_gmt":"2024-11-13T19:36:00","guid":{"rendered":"https:\/\/terrazzo-usa.com\/?page_id=621"},"modified":"2025-11-27T14:58:55","modified_gmt":"2025-11-27T19:58:55","slug":"become-a-partner","status":"publish","type":"page","link":"https:\/\/terrazzo-usa.com\/es\/become-a-partner\/","title":{"rendered":"H\u00e1gase socio"},"content":{"rendered":"<div data-elementor-type=\"wp-page\" data-elementor-id=\"621\" class=\"elementor elementor-621\" data-elementor-post-type=\"page\">\n\t\t\t\t<div class=\"elementor-element elementor-element-2861adf e-con-full wd-section-stretch-content e-flex e-con e-parent\" data-id=\"2861adf\" data-element_type=\"container\" data-e-type=\"container\" data-settings=\"{&quot;background_background&quot;:&quot;classic&quot;}\">\n\t\t<div class=\"elementor-element elementor-element-f9c8962 e-con-full e-flex e-con e-child\" data-id=\"f9c8962\" data-element_type=\"container\" data-e-type=\"container\" data-settings=\"{&quot;background_background&quot;:&quot;classic&quot;}\">\n\t\t<div class=\"elementor-element elementor-element-c91d6e3 e-con-full e-flex e-con e-child\" data-id=\"c91d6e3\" data-element_type=\"container\" data-e-type=\"container\" data-settings=\"{&quot;background_background&quot;:&quot;classic&quot;}\">\n\t\t\t\t<div class=\"elementor-element elementor-element-4719d8e elementor-widget elementor-widget-heading\" data-id=\"4719d8e\" data-element_type=\"widget\" data-e-type=\"widget\" data-settings=\"{&quot;ekit_we_effect_on&quot;:&quot;none&quot;}\" data-widget_type=\"heading.default\">\n\t\t\t\t<div class=\"elementor-widget-container\">\n\t\t\t\t\t<h4 class=\"elementor-heading-title elementor-size-default\">Bienvenido a nuestro exclusivo\n<\/h4>\t\t\t\t<\/div>\n\t\t\t\t<\/div>\n\t\t\t\t<div class=\"elementor-element elementor-element-9f5fbc2 elementor-widget elementor-widget-heading\" data-id=\"9f5fbc2\" data-element_type=\"widget\" data-e-type=\"widget\" data-settings=\"{&quot;ekit_we_effect_on&quot;:&quot;none&quot;}\" data-widget_type=\"heading.default\">\n\t\t\t\t<div class=\"elementor-widget-container\">\n\t\t\t\t\t<h1 class=\"elementor-heading-title elementor-size-default\">Programa de socios<\/h1>\t\t\t\t<\/div>\n\t\t\t\t<\/div>\n\t\t\t\t<div class=\"elementor-element elementor-element-8d85116 color-scheme-inherit text-left elementor-widget elementor-widget-text-editor\" data-id=\"8d85116\" data-element_type=\"widget\" data-e-type=\"widget\" data-settings=\"{&quot;ekit_we_effect_on&quot;:&quot;none&quot;}\" data-widget_type=\"text-editor.default\">\n\t\t\t\t<div class=\"elementor-widget-container\">\n\t\t\t\t\t\t\t\t\t<p>Nuestro programa est\u00e1 dise\u00f1ado espec\u00edficamente para:<\/p><ul><li>Minoristas<\/li><\/ul><p style=\"padding-left: 40px;\">Comercios complementarios como tiendas de ba\u00f1o, cocina, muebles, accesorios y similares<\/p><ul><li>Distribuidores autorizados<\/li><\/ul><p style=\"padding-left: 40px;\">Empresas de servicios relacionados, como yeso, pintura, revestimientos, epoxi, etc.<\/p>\t\t\t\t\t\t\t\t<\/div>\n\t\t\t\t<\/div>\n\t\t\t\t<div class=\"elementor-element elementor-element-e178b87 color-scheme-inherit text-left elementor-widget elementor-widget-text-editor\" data-id=\"e178b87\" data-element_type=\"widget\" data-e-type=\"widget\" data-settings=\"{&quot;ekit_we_effect_on&quot;:&quot;none&quot;}\" data-widget_type=\"text-editor.default\">\n\t\t\t\t<div class=\"elementor-widget-container\">\n\t\t\t\t\t\t\t\t\t<p>Le ayudamos a dise\u00f1ar la sala de exposici\u00f3n de nuestros productos y le proporcionamos materiales y muestras, as\u00ed como ideas para ayudarle a cerrar ventas.<\/p><p>Reciba descuentos en los precios de todos nuestros materiales, lo que le permitir\u00e1 obtener m\u00e1rgenes sustanciales en la venta al por menor.<\/p>\t\t\t\t\t\t\t\t<\/div>\n\t\t\t\t<\/div>\n\t\t\t\t<\/div>\n\t\t\t\t<\/div>\n\t\t\t\t<\/div>\n\t\t<div class=\"wd-negative-gap elementor-element elementor-element-89ad601 wd-section-stretch-content e-flex e-con-boxed e-con e-parent\" data-id=\"89ad601\" data-element_type=\"container\" data-e-type=\"container\" data-settings=\"{&quot;background_background&quot;:&quot;classic&quot;}\">\n\t\t\t\t\t<div class=\"e-con-inner\">\n\t\t<div class=\"elementor-element elementor-element-2fdfea4 e-con-full e-flex e-con e-child\" data-id=\"2fdfea4\" data-element_type=\"container\" data-e-type=\"container\">\n\t\t\t\t<div class=\"elementor-element elementor-element-dc63f6f elementor-widget elementor-widget-heading\" data-id=\"dc63f6f\" data-element_type=\"widget\" data-e-type=\"widget\" data-settings=\"{&quot;ekit_we_effect_on&quot;:&quot;none&quot;}\" data-widget_type=\"heading.default\">\n\t\t\t\t<div class=\"elementor-widget-container\">\n\t\t\t\t\t<h2 class=\"elementor-heading-title elementor-size-default\">\u00danete a la familia TERRAZZO <\/h2>\t\t\t\t<\/div>\n\t\t\t\t<\/div>\n\t\t\t\t<div class=\"elementor-element elementor-element-1068b7c elementor-widget elementor-widget-heading\" data-id=\"1068b7c\" data-element_type=\"widget\" data-e-type=\"widget\" data-settings=\"{&quot;ekit_we_effect_on&quot;:&quot;none&quot;}\" data-widget_type=\"heading.default\">\n\t\t\t\t<div class=\"elementor-widget-container\">\n\t\t\t\t\t<h2 class=\"elementor-heading-title elementor-size-default\">H\u00e1gase socio<\/h2>\t\t\t\t<\/div>\n\t\t\t\t<\/div>\n\t\t<div class=\"elementor-element elementor-element-e855804 e-con-full e-flex e-con e-child\" data-id=\"e855804\" data-element_type=\"container\" data-e-type=\"container\">\n\t\t<div class=\"elementor-element elementor-element-aaee64a e-con-full e-flex e-con e-child\" data-id=\"aaee64a\" data-element_type=\"container\" data-e-type=\"container\">\n\t\t\t\t<div class=\"elementor-element elementor-element-b7d6a7e color-scheme-inherit text-left elementor-widget elementor-widget-text-editor\" data-id=\"b7d6a7e\" data-element_type=\"widget\" data-e-type=\"widget\" data-settings=\"{&quot;ekit_we_effect_on&quot;:&quot;none&quot;}\" data-widget_type=\"text-editor.default\">\n\t\t\t\t<div class=\"elementor-widget-container\">\n\t\t\t\t\t\t\t\t\t<p class=\"translation-block\"><strong>Desbloquear<br>Precios exclusivos<\/strong><\/p><p>Precios preferentes exclusivos dise\u00f1ados para garantizar generosos m\u00e1rgenes de beneficio, ayud\u00e1ndole a maximizar su potencial de venta al por menor.<\/p>\t\t\t\t\t\t\t\t<\/div>\n\t\t\t\t<\/div>\n\t\t\t\t<\/div>\n\t\t<div class=\"elementor-element elementor-element-fe566bc e-con-full e-flex e-con e-child\" data-id=\"fe566bc\" data-element_type=\"container\" data-e-type=\"container\">\n\t\t\t\t<div class=\"elementor-element elementor-element-c484551 color-scheme-inherit text-left elementor-widget elementor-widget-text-editor\" data-id=\"c484551\" data-element_type=\"widget\" data-e-type=\"widget\" data-settings=\"{&quot;ekit_we_effect_on&quot;:&quot;none&quot;}\" data-widget_type=\"text-editor.default\">\n\t\t\t\t<div class=\"elementor-widget-container\">\n\t\t\t\t\t\t\t\t\t<p class=\"translation-block\"><strong>Acceso anticipado a nuevos productos<\/strong><\/p><p class=\"translation-block\">Usted y sus clientes<br>tendr\u00e1n acceso directo a nuestros nuevos productos y opciones de color.<\/p>\t\t\t\t\t\t\t\t<\/div>\n\t\t\t\t<\/div>\n\t\t\t\t<\/div>\n\t\t<div class=\"elementor-element elementor-element-cd7213e e-con-full e-flex e-con e-child\" data-id=\"cd7213e\" data-element_type=\"container\" data-e-type=\"container\">\n\t\t\t\t<div class=\"elementor-element elementor-element-5e2dc2a color-scheme-inherit text-left elementor-widget elementor-widget-text-editor\" data-id=\"5e2dc2a\" data-element_type=\"widget\" data-e-type=\"widget\" data-settings=\"{&quot;ekit_we_effect_on&quot;:&quot;none&quot;}\" data-widget_type=\"text-editor.default\">\n\t\t\t\t<div class=\"elementor-widget-container\">\n\t\t\t\t\t\t\t\t\t<p class=\"translation-block\"><strong>Reciba<br>Muestras gratuitas<\/strong><\/p><p class=\"translation-block\">Acceda a muestras gratuitas para explorar colores y materiales.<\/p>\t\t\t\t\t\t\t\t<\/div>\n\t\t\t\t<\/div>\n\t\t\t\t<\/div>\n\t\t\t\t<\/div>\n\t\t\t\t<\/div>\n\t\t\t\t\t<\/div>\n\t\t\t\t<\/div>\n\t\t<div class=\"wd-negative-gap elementor-element elementor-element-9e59371 wd-section-stretch-content e-flex e-con-boxed e-con e-parent\" data-id=\"9e59371\" data-element_type=\"container\" data-e-type=\"container\" data-settings=\"{&quot;background_background&quot;:&quot;classic&quot;}\">\n\t\t\t\t\t<div class=\"e-con-inner\">\n\t\t<div class=\"elementor-element elementor-element-e2c0b2d e-con-full e-flex e-con e-child\" data-id=\"e2c0b2d\" data-element_type=\"container\" data-e-type=\"container\" data-settings=\"{&quot;background_background&quot;:&quot;classic&quot;}\">\n\t\t<div class=\"elementor-element elementor-element-31af85f e-con-full e-flex e-con e-child\" data-id=\"31af85f\" data-element_type=\"container\" data-e-type=\"container\">\n\t\t\t\t<div class=\"elementor-element elementor-element-1ad0602 color-scheme-inherit text-left elementor-widget elementor-widget-text-editor\" data-id=\"1ad0602\" data-element_type=\"widget\" data-e-type=\"widget\" data-settings=\"{&quot;ekit_we_effect_on&quot;:&quot;none&quot;}\" data-widget_type=\"text-editor.default\">\n\t\t\t\t<div class=\"elementor-widget-container\">\n\t\t\t\t\t\t\t\t\t<p>\u00danase a la franquicia de escayola de m\u00e1s r\u00e1pido crecimiento. Convi\u00e9rtase en socio de Terrazzo GraniTech y desbloquee un sinf\u00edn de oportunidades en la industria del yeso en r\u00e1pida expansi\u00f3n.<\/p>\t\t\t\t\t\t\t\t<\/div>\n\t\t\t\t<\/div>\n\t\t\t\t<div class=\"elementor-element elementor-element-0eb24d2 elementor-widget elementor-widget-heading\" data-id=\"0eb24d2\" data-element_type=\"widget\" data-e-type=\"widget\" data-settings=\"{&quot;ekit_we_effect_on&quot;:&quot;none&quot;}\" data-widget_type=\"heading.default\">\n\t\t\t\t<div class=\"elementor-widget-container\">\n\t\t\t\t\t<h2 class=\"elementor-heading-title elementor-size-default\">Solicitar ahora\n<\/h2>\t\t\t\t<\/div>\n\t\t\t\t<\/div>\n\t\t\t\t<\/div>\n\t\t\t\t<\/div>\n\t\t<div class=\"elementor-element elementor-element-b72f388 e-con-full e-flex e-con e-child\" data-id=\"b72f388\" data-element_type=\"container\" data-e-type=\"container\">\n\t\t\t\t<div class=\"elementor-element elementor-element-dc50a83 elementor-widget elementor-widget-html\" data-id=\"dc50a83\" data-element_type=\"widget\" data-e-type=\"widget\" data-settings=\"{&quot;ekit_we_effect_on&quot;:&quot;none&quot;}\" data-widget_type=\"html.default\">\n\t\t\t\t<div class=\"elementor-widget-container\">\n\t\t\t\t\t<iframe\r\n  src=\"https:\/\/link.funnelpros.ai\/widget\/form\/eahbjvpwlbLnoUOWtMwU\"\r\n  style=\"width:100%;height:100%;border:none;border-radius:3px\"\r\n  id=\"inline-eahbjvpwlbLnoUOWtMwU\" \r\n  data-layout=\"{'id':'INLINE'}\"\r\n  data-trigger-type=\"alwaysShow\"\r\n  data-trigger-value=\"\"\r\n  data-activation-type=\"alwaysActivated\"\r\n  data-activation-value=\"\"\r\n  data-deactivation-type=\"neverDeactivate\"\r\n  data-deactivation-value=\"\"\r\n  data-form-name=\"Become a Partner - 5.15.25\"\r\n  data-height=\"1531\"\r\n  data-layout-iframe-id=\"inline-eahbjvpwlbLnoUOWtMwU\"\r\n  data-form-id=\"eahbjvpwlbLnoUOWtMwU\"\r\n  title=\"H\u00e1gase socio - 5.15.25\"\r\n      >\r\n<\/iframe>\t\t\t\t<\/div>\n\t\t\t\t<\/div>\n\t\t\t\t<\/div>\n\t\t\t\t\t<\/div>\n\t\t\t\t<\/div>\n\t\t\t\t<\/div>","protected":false},"excerpt":{"rendered":"<p>Welcome to our Exclusive Partner Program Our program is designed specifically for: Retailers Complementary businesses such as a bathroom, kitchen,<\/p>","protected":false},"author":1,"featured_media":0,"parent":0,"menu_order":0,"comment_status":"closed","ping_status":"closed","template":"","meta":{"footnotes":""},"class_list":["post-621","page","type-page","status-publish","hentry"],"_links":{"self":[{"href":"https:\/\/terrazzo-usa.com\/es\/wp-json\/wp\/v2\/pages\/621","targetHints":{"allow":["GET"]}}],"collection":[{"href":"https:\/\/terrazzo-usa.com\/es\/wp-json\/wp\/v2\/pages"}],"about":[{"href":"https:\/\/terrazzo-usa.com\/es\/wp-json\/wp\/v2\/types\/page"}],"author":[{"embeddable":true,"href":"https:\/\/terrazzo-usa.com\/es\/wp-json\/wp\/v2\/users\/1"}],"replies":[{"embeddable":true,"href":"https:\/\/terrazzo-usa.com\/es\/wp-json\/wp\/v2\/comments?post=621"}],"version-history":[{"count":0,"href":"https:\/\/terrazzo-usa.com\/es\/wp-json\/wp\/v2\/pages\/621\/revisions"}],"wp:attachment":[{"href":"https:\/\/terrazzo-usa.com\/es\/wp-json\/wp\/v2\/media?parent=621"}],"curies":[{"name":"wp","href":"https:\/\/api.w.org\/{rel}","templated":true}]}}