{"id":5686,"date":"2025-05-07T13:31:22","date_gmt":"2025-05-07T17:31:22","guid":{"rendered":"https:\/\/terrazzo-usa.com\/?page_id=5686"},"modified":"2025-11-27T14:58:42","modified_gmt":"2025-11-27T19:58:42","slug":"pro-referral-program","status":"publish","type":"page","link":"https:\/\/terrazzo-usa.com\/es\/pro-referral-program\/","title":{"rendered":"Programa Pro Referral"},"content":{"rendered":"<div data-elementor-type=\"wp-page\" data-elementor-id=\"5686\" class=\"elementor elementor-5686\" data-elementor-post-type=\"page\">\n\t\t\t\t<div class=\"elementor-element elementor-element-9e4f61c e-con-full wd-section-stretch-content e-flex e-con e-parent\" data-id=\"9e4f61c\" data-element_type=\"container\" data-e-type=\"container\" data-settings=\"{&quot;background_background&quot;:&quot;classic&quot;}\">\n\t\t<div class=\"elementor-element elementor-element-ed04db7 e-con-full e-flex e-con e-child\" data-id=\"ed04db7\" data-element_type=\"container\" data-e-type=\"container\" data-settings=\"{&quot;background_background&quot;:&quot;classic&quot;}\">\n\t\t<div class=\"elementor-element elementor-element-d142894 e-con-full e-flex e-con e-child\" data-id=\"d142894\" data-element_type=\"container\" data-e-type=\"container\" data-settings=\"{&quot;background_background&quot;:&quot;classic&quot;}\">\n\t\t\t\t<div class=\"elementor-element elementor-element-240c8c3 elementor-widget elementor-widget-heading\" data-id=\"240c8c3\" data-element_type=\"widget\" data-e-type=\"widget\" data-settings=\"{&quot;ekit_we_effect_on&quot;:&quot;none&quot;}\" data-widget_type=\"heading.default\">\n\t\t\t\t<div class=\"elementor-widget-container\">\n\t\t\t\t\t<h4 class=\"elementor-heading-title elementor-size-default\">Bienvenido a nuestro exclusivo\n<\/h4>\t\t\t\t<\/div>\n\t\t\t\t<\/div>\n\t\t\t\t<div class=\"elementor-element elementor-element-b030d28 elementor-widget elementor-widget-heading\" data-id=\"b030d28\" data-element_type=\"widget\" data-e-type=\"widget\" data-settings=\"{&quot;ekit_we_effect_on&quot;:&quot;none&quot;}\" data-widget_type=\"heading.default\">\n\t\t\t\t<div class=\"elementor-widget-container\">\n\t\t\t\t\t<h1 class=\"elementor-heading-title elementor-size-default\">Programa Pro Referral<\/h1>\t\t\t\t<\/div>\n\t\t\t\t<\/div>\n\t\t\t\t<div class=\"elementor-element elementor-element-570e018 color-scheme-inherit text-left elementor-widget elementor-widget-text-editor\" data-id=\"570e018\" data-element_type=\"widget\" data-e-type=\"widget\" data-settings=\"{&quot;ekit_we_effect_on&quot;:&quot;none&quot;}\" selector=\"\" display=\"\" flex-direction=\"\" gap=\"\" padding=\"\" margin=\"\" data-widget_type=\"text-editor.default\">\n\t\t\t\t<div class=\"elementor-widget-container\">\n\t\t\t\t\t\t\t\t\t<ul><li>Espec\u00edficamente para instaladores y empresas de instalaci\u00f3n<\/li><li>Acceda a formaci\u00f3n y seminarios<\/li><li>Reciba recomendaciones de trabajo<\/li><\/ul>\t\t\t\t\t\t\t\t<\/div>\n\t\t\t\t<\/div>\n\t\t\t\t<\/div>\n\t\t\t\t<\/div>\n\t\t\t\t<\/div>\n\t\t<div class=\"wd-negative-gap elementor-element elementor-element-58824e0 wd-section-stretch-content e-flex e-con-boxed e-con e-parent\" data-id=\"58824e0\" data-element_type=\"container\" data-e-type=\"container\" data-settings=\"{&quot;background_background&quot;:&quot;classic&quot;}\">\n\t\t\t\t\t<div class=\"e-con-inner\">\n\t\t<div class=\"elementor-element elementor-element-0ecfd81 e-con-full e-flex e-con e-child\" data-id=\"0ecfd81\" data-element_type=\"container\" data-e-type=\"container\">\n\t\t\t\t<div class=\"elementor-element elementor-element-7a7a505 elementor-widget elementor-widget-heading\" data-id=\"7a7a505\" data-element_type=\"widget\" data-e-type=\"widget\" data-settings=\"{&quot;ekit_we_effect_on&quot;:&quot;none&quot;}\" data-widget_type=\"heading.default\">\n\t\t\t\t<div class=\"elementor-widget-container\">\n\t\t\t\t\t<h2 class=\"elementor-heading-title elementor-size-default\">Los instaladores certificados consiguen proyectos\n<\/h2>\t\t\t\t<\/div>\n\t\t\t\t<\/div>\n\t\t\t\t<div class=\"elementor-element elementor-element-a63603a elementor-widget elementor-widget-heading\" data-id=\"a63603a\" data-element_type=\"widget\" data-e-type=\"widget\" data-settings=\"{&quot;ekit_we_effect_on&quot;:&quot;none&quot;}\" data-widget_type=\"heading.default\">\n\t\t\t\t<div class=\"elementor-widget-container\">\n\t\t\t\t\t<h2 class=\"elementor-heading-title elementor-size-default\">Ampl\u00ede sus conocimientos, acceda a la formaci\u00f3n y asegure proyectos con facilidad.\n<\/h2>\t\t\t\t<\/div>\n\t\t\t\t<\/div>\n\t\t<div class=\"elementor-element elementor-element-27095df e-con-full e-flex e-con e-child\" data-id=\"27095df\" data-element_type=\"container\" data-e-type=\"container\">\n\t\t<div class=\"elementor-element elementor-element-54ca15a e-con-full e-flex e-con e-child\" data-id=\"54ca15a\" data-element_type=\"container\" data-e-type=\"container\">\n\t\t\t\t<div class=\"elementor-element elementor-element-75f5b20 color-scheme-inherit text-left elementor-widget elementor-widget-text-editor\" data-id=\"75f5b20\" data-element_type=\"widget\" data-e-type=\"widget\" data-settings=\"{&quot;ekit_we_effect_on&quot;:&quot;none&quot;}\" data-widget_type=\"text-editor.default\">\n\t\t\t\t<div class=\"elementor-widget-container\">\n\t\t\t\t\t\t\t\t\t<p><strong>Para instaladores y empresas<br \/><\/strong><\/p><p>Ampl\u00ede r\u00e1pidamente sus conocimientos con un esfuerzo de aprendizaje m\u00ednimo y domine nuestras t\u00e9cnicas de instalaci\u00f3n con facilidad.<\/p>\t\t\t\t\t\t\t\t<\/div>\n\t\t\t\t<\/div>\n\t\t\t\t<\/div>\n\t\t<div class=\"elementor-element elementor-element-5292c0e e-con-full e-flex e-con e-child\" data-id=\"5292c0e\" data-element_type=\"container\" data-e-type=\"container\">\n\t\t\t\t<div class=\"elementor-element elementor-element-3892de3 color-scheme-inherit text-left elementor-widget elementor-widget-text-editor\" data-id=\"3892de3\" data-element_type=\"widget\" data-e-type=\"widget\" data-settings=\"{&quot;ekit_we_effect_on&quot;:&quot;none&quot;}\" data-widget_type=\"text-editor.default\">\n\t\t\t\t<div class=\"elementor-widget-container\">\n\t\t\t\t\t\t\t\t\t<p><strong>Acceso exclusivo a seminarios y formaci\u00f3n<\/strong><\/p><p>Le proporcionaremos acceso a todo lo necesario para aprender a instalar correctamente Terrazzo Granitech. Las empresas pueden recibir formaci\u00f3n in situ.<\/p>\t\t\t\t\t\t\t\t<\/div>\n\t\t\t\t<\/div>\n\t\t\t\t<\/div>\n\t\t<div class=\"elementor-element elementor-element-ea7e8d0 e-con-full e-flex e-con e-child\" data-id=\"ea7e8d0\" data-element_type=\"container\" data-e-type=\"container\">\n\t\t\t\t<div class=\"elementor-element elementor-element-9b666e9 color-scheme-inherit text-left elementor-widget elementor-widget-text-editor\" data-id=\"9b666e9\" data-element_type=\"widget\" data-e-type=\"widget\" data-settings=\"{&quot;ekit_we_effect_on&quot;:&quot;none&quot;}\" data-widget_type=\"text-editor.default\">\n\t\t\t\t<div class=\"elementor-widget-container\">\n\t\t\t\t\t\t\t\t\t<p><strong>Le proporcionamos proyectos <\/strong><\/p><p>Nuestros instaladores certificados reciben referencias de trabajos que han sido examinados y est\u00e1n listos para proceder.<\/p>\t\t\t\t\t\t\t\t<\/div>\n\t\t\t\t<\/div>\n\t\t\t\t<\/div>\n\t\t\t\t<\/div>\n\t\t\t\t<\/div>\n\t\t\t\t\t<\/div>\n\t\t\t\t<\/div>\n\t\t<div class=\"wd-negative-gap elementor-element elementor-element-c65eead wd-section-stretch-content e-flex e-con-boxed e-con e-parent\" data-id=\"c65eead\" data-element_type=\"container\" data-e-type=\"container\">\n\t\t\t\t\t<div class=\"e-con-inner\">\n\t\t<div class=\"elementor-element elementor-element-1247b5c e-con-full e-flex e-con e-child\" data-id=\"1247b5c\" data-element_type=\"container\" data-e-type=\"container\">\n\t\t\t\t<div class=\"elementor-element elementor-element-b598f0c color-scheme-inherit text-left elementor-widget elementor-widget-text-editor\" data-id=\"b598f0c\" data-element_type=\"widget\" data-e-type=\"widget\" data-settings=\"{&quot;ekit_we_effect_on&quot;:&quot;none&quot;}\" data-widget_type=\"text-editor.default\">\n\t\t\t\t<div class=\"elementor-widget-container\">\n\t\t\t\t\t\t\t\t\t<div class=\"message__5126c cozyMessage__5126c wrapper_c19a55 cozy_c19a55 zalgo_c19a55\" tabindex=\"-1\" role=\"article\" data-list-item-id=\"chat-messages___chat-messages-1284177512448000186-1362492649222967496\" aria-setsize=\"-1\" aria-roledescription=\"Message\" aria-labelledby=\"message-username-1362491376989638788 uid_1 message-content-1362492649222967496 uid_2 message-timestamp-1362492649222967496\">\n<div class=\"contents_c19a55\">\n<div id=\"message-content-1362492649222967496\" class=\"markup__75297 messageContent_c19a55\">Ampl\u00ede sus conocimientos, acceda a la formaci\u00f3n y reciba f\u00e1cilmente referencias de proyectos de calidad.\n\n\n \n<\/div>\n<\/div>\n<\/div>\t\t\t\t\t\t\t\t<\/div>\n\t\t\t\t<\/div>\n\t\t\t\t<div class=\"elementor-element elementor-element-5f61b1f elementor-widget elementor-widget-heading\" data-id=\"5f61b1f\" data-element_type=\"widget\" data-e-type=\"widget\" data-settings=\"{&quot;ekit_we_effect_on&quot;:&quot;none&quot;}\" data-widget_type=\"heading.default\">\n\t\t\t\t<div class=\"elementor-widget-container\">\n\t\t\t\t\t<h2 class=\"elementor-heading-title elementor-size-default\">Solicitar ahora\n<\/h2>\t\t\t\t<\/div>\n\t\t\t\t<\/div>\n\t\t\t\t<\/div>\n\t\t<div class=\"elementor-element elementor-element-8a50b6c e-con-full e-flex e-con e-child\" data-id=\"8a50b6c\" data-element_type=\"container\" data-e-type=\"container\">\n\t\t\t\t<div class=\"elementor-element elementor-element-4e4e4e9 elementor-widget elementor-widget-html\" data-id=\"4e4e4e9\" data-element_type=\"widget\" data-e-type=\"widget\" data-settings=\"{&quot;ekit_we_effect_on&quot;:&quot;none&quot;}\" data-widget_type=\"html.default\">\n\t\t\t\t<div class=\"elementor-widget-container\">\n\t\t\t\t\t<iframe\r\n  src=\"https:\/\/link.funnelpros.ai\/widget\/form\/0NQxh5tZuoMaZ77kHYbs\"\r\n  style=\"width:100%;height:100%;border:none;border-radius:3px\"\r\n  id=\"inline-0NQxh5tZuoMaZ77kHYbs\" \r\n  data-layout=\"{'id':'INLINE'}\"\r\n  data-trigger-type=\"alwaysShow\"\r\n  data-trigger-value=\"\"\r\n  data-activation-type=\"alwaysActivated\"\r\n  data-activation-value=\"\"\r\n  data-deactivation-type=\"neverDeactivate\"\r\n  data-deactivation-value=\"\"\r\n  data-form-name=\"Pro Referral Program Form - 5.15.25\"\r\n  data-height=\"796\"\r\n  data-layout-iframe-id=\"inline-0NQxh5tZuoMaZ77kHYbs\"\r\n  data-form-id=\"0NQxh5tZuoMaZ77kHYbs\"\r\n  title=\"Formulario del Programa de Referencia Pro - 5.15.25\"\r\n      >\r\n<\/iframe>\t\t\t\t<\/div>\n\t\t\t\t<\/div>\n\t\t\t\t<\/div>\n\t\t\t\t\t<\/div>\n\t\t\t\t<\/div>\n\t\t\t\t<\/div>","protected":false},"excerpt":{"rendered":"<p>Welcome to our Exclusive Pro Referral Program Specifically for Installers and Installation companies Get access to training and seminars Receive<\/p>","protected":false},"author":1,"featured_media":0,"parent":0,"menu_order":0,"comment_status":"closed","ping_status":"closed","template":"","meta":{"footnotes":""},"class_list":["post-5686","page","type-page","status-publish","hentry"],"_links":{"self":[{"href":"https:\/\/terrazzo-usa.com\/es\/wp-json\/wp\/v2\/pages\/5686","targetHints":{"allow":["GET"]}}],"collection":[{"href":"https:\/\/terrazzo-usa.com\/es\/wp-json\/wp\/v2\/pages"}],"about":[{"href":"https:\/\/terrazzo-usa.com\/es\/wp-json\/wp\/v2\/types\/page"}],"author":[{"embeddable":true,"href":"https:\/\/terrazzo-usa.com\/es\/wp-json\/wp\/v2\/users\/1"}],"replies":[{"embeddable":true,"href":"https:\/\/terrazzo-usa.com\/es\/wp-json\/wp\/v2\/comments?post=5686"}],"version-history":[{"count":0,"href":"https:\/\/terrazzo-usa.com\/es\/wp-json\/wp\/v2\/pages\/5686\/revisions"}],"wp:attachment":[{"href":"https:\/\/terrazzo-usa.com\/es\/wp-json\/wp\/v2\/media?parent=5686"}],"curies":[{"name":"wp","href":"https:\/\/api.w.org\/{rel}","templated":true}]}}