{"id":5191,"date":"2025-04-14T15:50:34","date_gmt":"2025-04-14T19:50:34","guid":{"rendered":"https:\/\/terrazzo-usa.com\/?page_id=5191"},"modified":"2026-02-19T13:11:40","modified_gmt":"2026-02-19T18:11:40","slug":"terms-of-service","status":"publish","type":"page","link":"https:\/\/terrazzo-usa.com\/es\/terms-of-service\/","title":{"rendered":"Condiciones de uso"},"content":{"rendered":"<div data-elementor-type=\"wp-page\" data-elementor-id=\"5191\" class=\"elementor elementor-5191\" data-elementor-post-type=\"page\">\n\t\t\t\t<div class=\"elementor-element elementor-element-d9268c6 e-flex e-con-boxed e-con e-parent\" data-id=\"d9268c6\" data-element_type=\"container\" data-e-type=\"container\">\n\t\t\t\t\t<div class=\"e-con-inner\">\n\t\t\t\t<div class=\"elementor-element elementor-element-3197988 elementor-widget elementor-widget-html\" data-id=\"3197988\" data-element_type=\"widget\" data-e-type=\"widget\" data-settings=\"{&quot;ekit_we_effect_on&quot;:&quot;none&quot;}\" data-widget_type=\"html.default\">\n\t\t\t\t<div class=\"elementor-widget-container\">\n\t\t\t\t\t<div id=\"policy\" width=\"640\" height=\"480\" \r\n data-policy-key=\"VW1oSlYzRnJTSEYyUTBSRFRGRTlQUT09\"  data-extra=\"email-links=true&h-align=left&table-style=accordion\" > Por favor, espere mientras se carga la pol\u00edtica. Si no se carga, por favor <a rel=\"nofollow noopener\" href=\"https:\/\/app.termageddon.com\/api\/policy\/VW1oSlYzRnJTSEYyUTBSRFRGRTlQUT09?email-links=true&amp;h-align=left&amp;table-style=accordion\" target=\"_blank\" aria-label=\"Ver pol\u00edtica\">haga clic aqu\u00ed para consultar la pol\u00edtica<\/a>. <\/div><script src=\"https:\/\/app.termageddon.com\/js\/termageddon.js\"><\/script>\t\t\t\t<\/div>\n\t\t\t\t<\/div>\n\t\t\t\t\t<\/div>\n\t\t\t\t<\/div>\n\t\t\t\t<\/div>","protected":false},"excerpt":{"rendered":"<p>Espere a que se cargue la pol\u00edtica. Si no se carga, haga clic aqu\u00ed para ver la pol\u00edtica.<\/p>","protected":false},"author":1,"featured_media":0,"parent":0,"menu_order":0,"comment_status":"closed","ping_status":"closed","template":"","meta":{"footnotes":""},"class_list":["post-5191","page","type-page","status-publish","hentry"],"_links":{"self":[{"href":"https:\/\/terrazzo-usa.com\/es\/wp-json\/wp\/v2\/pages\/5191","targetHints":{"allow":["GET"]}}],"collection":[{"href":"https:\/\/terrazzo-usa.com\/es\/wp-json\/wp\/v2\/pages"}],"about":[{"href":"https:\/\/terrazzo-usa.com\/es\/wp-json\/wp\/v2\/types\/page"}],"author":[{"embeddable":true,"href":"https:\/\/terrazzo-usa.com\/es\/wp-json\/wp\/v2\/users\/1"}],"replies":[{"embeddable":true,"href":"https:\/\/terrazzo-usa.com\/es\/wp-json\/wp\/v2\/comments?post=5191"}],"version-history":[{"count":1,"href":"https:\/\/terrazzo-usa.com\/es\/wp-json\/wp\/v2\/pages\/5191\/revisions"}],"predecessor-version":[{"id":11363,"href":"https:\/\/terrazzo-usa.com\/es\/wp-json\/wp\/v2\/pages\/5191\/revisions\/11363"}],"wp:attachment":[{"href":"https:\/\/terrazzo-usa.com\/es\/wp-json\/wp\/v2\/media?parent=5191"}],"curies":[{"name":"wp","href":"https:\/\/api.w.org\/{rel}","templated":true}]}}