{"id":5159,"date":"2025-04-14T13:36:13","date_gmt":"2025-04-14T17:36:13","guid":{"rendered":"https:\/\/terrazzo-usa.com\/?page_id=5159"},"modified":"2026-02-19T13:12:15","modified_gmt":"2026-02-19T18:12:15","slug":"cookie-policy","status":"publish","type":"page","link":"https:\/\/terrazzo-usa.com\/es\/cookie-policy\/","title":{"rendered":"Pol\u00edtica de cookies"},"content":{"rendered":"<div data-elementor-type=\"wp-page\" data-elementor-id=\"5159\" class=\"elementor elementor-5159\" data-elementor-post-type=\"page\">\n\t\t\t\t<div class=\"elementor-element elementor-element-3b80c6b e-flex e-con-boxed e-con e-parent\" data-id=\"3b80c6b\" data-element_type=\"container\" data-e-type=\"container\">\n\t\t\t\t\t<div class=\"e-con-inner\">\n\t\t\t\t<div class=\"elementor-element elementor-element-653613a elementor-widget elementor-widget-html\" data-id=\"653613a\" data-element_type=\"widget\" data-e-type=\"widget\" data-settings=\"{&quot;ekit_we_effect_on&quot;:&quot;none&quot;}\" data-widget_type=\"html.default\">\n\t\t\t\t<div class=\"elementor-widget-container\">\n\t\t\t\t\t<div id=\"policy\" width=\"640\" height=\"480\"\r\n data-policy-key=\"S3psdlZrSTJVbGxCYmxWUmRIYzlQUT09\" data-extra=\"h-align=left&table-style=accordion\">\r\n Por favor, espere mientras se carga la pol\u00edtica. Si no se carga, por favor \r\n <a rel=\"nofollow noopener\" href=\"https:\/\/app.termageddon.com\/api\/policy\/S3psdlZrSTJVbGxCYmxWUmRIYzlQUT09?h-align=left&amp;table-style=accordion\" target=\"_blank\" aria-label=\"Ver pol\u00edtica\">haga clic aqu\u00ed para consultar la pol\u00edtica<\/a>.\r\n<\/div>\r\n<script src=\"https:\/\/app.termageddon.com\/js\/termageddon.js\"><\/script>\t\t\t\t<\/div>\n\t\t\t\t<\/div>\n\t\t\t\t\t<\/div>\n\t\t\t\t<\/div>\n\t\t\t\t<\/div>","protected":false},"excerpt":{"rendered":"<p>Espere a que se cargue la pol\u00edtica. Si no se carga, haga clic aqu\u00ed para ver la pol\u00edtica.<\/p>","protected":false},"author":1,"featured_media":0,"parent":0,"menu_order":0,"comment_status":"closed","ping_status":"closed","template":"elementor_header_footer","meta":{"footnotes":""},"class_list":["post-5159","page","type-page","status-publish","hentry"],"_links":{"self":[{"href":"https:\/\/terrazzo-usa.com\/es\/wp-json\/wp\/v2\/pages\/5159","targetHints":{"allow":["GET"]}}],"collection":[{"href":"https:\/\/terrazzo-usa.com\/es\/wp-json\/wp\/v2\/pages"}],"about":[{"href":"https:\/\/terrazzo-usa.com\/es\/wp-json\/wp\/v2\/types\/page"}],"author":[{"embeddable":true,"href":"https:\/\/terrazzo-usa.com\/es\/wp-json\/wp\/v2\/users\/1"}],"replies":[{"embeddable":true,"href":"https:\/\/terrazzo-usa.com\/es\/wp-json\/wp\/v2\/comments?post=5159"}],"version-history":[{"count":0,"href":"https:\/\/terrazzo-usa.com\/es\/wp-json\/wp\/v2\/pages\/5159\/revisions"}],"wp:attachment":[{"href":"https:\/\/terrazzo-usa.com\/es\/wp-json\/wp\/v2\/media?parent=5159"}],"curies":[{"name":"wp","href":"https:\/\/api.w.org\/{rel}","templated":true}]}}