{"id":3,"date":"2024-11-07T16:26:21","date_gmt":"2024-11-07T16:26:21","guid":{"rendered":"https:\/\/terrazzo-usa.com\/?page_id=3"},"modified":"2025-04-14T13:33:24","modified_gmt":"2025-04-14T17:33:24","slug":"privacy-policy","status":"publish","type":"page","link":"https:\/\/terrazzo-usa.com\/es\/privacy-policy\/","title":{"rendered":"Pol\u00edtica de privacidad"},"content":{"rendered":"<div data-elementor-type=\"wp-page\" data-elementor-id=\"3\" class=\"elementor elementor-3\" data-elementor-post-type=\"page\">\n\t\t\t\t<div class=\"elementor-element elementor-element-6046fb0b e-flex e-con-boxed e-con e-parent\" data-id=\"6046fb0b\" data-element_type=\"container\" data-e-type=\"container\">\n\t\t\t\t\t<div class=\"e-con-inner\">\n\t\t\t\t<div class=\"elementor-element elementor-element-74e4911b color-scheme-inherit text-left elementor-widget elementor-widget-text-editor\" data-id=\"74e4911b\" data-element_type=\"widget\" data-e-type=\"widget\" data-settings=\"{&quot;ekit_we_effect_on&quot;:&quot;none&quot;}\" data-widget_type=\"text-editor.default\">\n\t\t\t\t<div class=\"elementor-widget-container\">\n\t\t\t\t\t\t\t\t\t\n\n\n<p><\/p>\n\t\t\t\t\t\t\t\t<\/div>\n\t\t\t\t<\/div>\n\t\t\t\t<div class=\"elementor-element elementor-element-8f81aca elementor-widget elementor-widget-html\" data-id=\"8f81aca\" data-element_type=\"widget\" data-e-type=\"widget\" data-settings=\"{&quot;ekit_we_effect_on&quot;:&quot;none&quot;}\" data-widget_type=\"html.default\">\n\t\t\t\t<div class=\"elementor-widget-container\">\n\t\t\t\t\t<div id=\"policy\" width=\"640\" height=\"480\"\n data-policy-key=\"V0VJMVFWRTNRaXREWnpFMFJsRTlQUT09\" data-extra=\"h-align=left&table-style=accordion\">\n Por favor, espere mientras se carga la pol\u00edtica. Si no se carga, por favor \n <a rel=\"nofollow noopener\" href=\"https:\/\/app.termageddon.com\/api\/policy\/V0VJMVFWRTNRaXREWnpFMFJsRTlQUT09?h-align=left&amp;table-style=accordion\" target=\"_blank\" aria-label=\"Ver pol\u00edtica\">haga clic aqu\u00ed para consultar la pol\u00edtica<\/a>.\n<\/div>\n<script src=\"https:\/\/app.termageddon.com\/js\/termageddon.js\"><\/script>\t\t\t\t<\/div>\n\t\t\t\t<\/div>\n\t\t\t\t\t<\/div>\n\t\t\t\t<\/div>\n\t\t\t\t<\/div>","protected":false},"excerpt":{"rendered":"<p>Espere a que se cargue la pol\u00edtica. Si no se carga, haga clic aqu\u00ed para ver la pol\u00edtica.<\/p>","protected":false},"author":1,"featured_media":0,"parent":0,"menu_order":0,"comment_status":"closed","ping_status":"open","template":"elementor_header_footer","meta":{"footnotes":""},"class_list":["post-3","page","type-page","status-publish","hentry"],"_links":{"self":[{"href":"https:\/\/terrazzo-usa.com\/es\/wp-json\/wp\/v2\/pages\/3","targetHints":{"allow":["GET"]}}],"collection":[{"href":"https:\/\/terrazzo-usa.com\/es\/wp-json\/wp\/v2\/pages"}],"about":[{"href":"https:\/\/terrazzo-usa.com\/es\/wp-json\/wp\/v2\/types\/page"}],"author":[{"embeddable":true,"href":"https:\/\/terrazzo-usa.com\/es\/wp-json\/wp\/v2\/users\/1"}],"replies":[{"embeddable":true,"href":"https:\/\/terrazzo-usa.com\/es\/wp-json\/wp\/v2\/comments?post=3"}],"version-history":[{"count":0,"href":"https:\/\/terrazzo-usa.com\/es\/wp-json\/wp\/v2\/pages\/3\/revisions"}],"wp:attachment":[{"href":"https:\/\/terrazzo-usa.com\/es\/wp-json\/wp\/v2\/media?parent=3"}],"curies":[{"name":"wp","href":"https:\/\/api.w.org\/{rel}","templated":true}]}}